{"id":81,"date":"2022-02-09T15:33:23","date_gmt":"2022-02-09T18:33:23","guid":{"rendered":"http:\/\/homolog.abrilhantarconteudo.com.br\/corner\/?page_id=81"},"modified":"2022-05-13T16:08:35","modified_gmt":"2022-05-13T19:08:35","slug":"sobre","status":"publish","type":"page","link":"https:\/\/homolog.abrilhantarconteudo.com.br\/corner\/sobre\/","title":{"rendered":"Sobre a Corner"},"content":{"rendered":"\n<h1 class=\"wp-block-heading\" id=\"corner-energia\">Mais de 30 anos gerando seguran\u00e7a em instala\u00e7\u00f5es el\u00e9tricas no Brasil<\/h1>\n\n\n\n<p>A Corner Energia atua no mercado de<strong> instala\u00e7\u00f5es el\u00e9tricas<\/strong> e <strong>cabeamento estruturado<\/strong> desde 1989, <strong>atendendo aos segmentos: hospitalar, industrial, corporativo e residencial<\/strong>. A empresa nasceu a partir de um prop\u00f3sito pessoal do engenheiro Luiz Piepszyk de contribuir com a <strong>redu\u00e7\u00e3o dos acidentes el\u00e9tricos<\/strong> no Brasil a partir da conscientiza\u00e7\u00e3o quanto \u00e0 necessidade de cuidados el\u00e9tricos nas edifica\u00e7\u00f5es.<\/p>\n\n\n\n<blockquote class=\"wp-block-quote is-layout-flow wp-block-quote-is-layout-flow\"><p>&#8220;A instala\u00e7\u00e3o el\u00e9trica \u00e9 o resultado da soma de diversos subsistemas. Se bem executada, gera bem-estar para a sociedade e seguran\u00e7a para as pessoas e o patrim\u00f4nio.&#8221;<\/p><cite>Abracopel | Anu\u00e1rio Estat\u00edstico de Acidentes de Origem El\u00e9trica 2021 &#8211; ano base 2020<\/cite><\/blockquote>\n\n\n\n<div class=\"wp-block-cover is-light\"><span aria-hidden=\"true\" class=\"wp-block-cover__gradient-background has-background-dim\"><\/span><img  title=\"\" fetchpriority=\"high\" decoding=\"async\" width=\"1920\" height=\"1280\" class=\"wp-block-cover__image-background wp-image-452\"  alt=\"environmental-protection-g57613970e_1920-1 Sobre a Corner\"  src=\"http:\/\/homolog.abrilhantarconteudo.com.br\/corner\/wp-content\/uploads\/2022\/05\/environmental-protection-g57613970e_1920-1.jpg\" style=\"object-position:40% 8%\" data-object-fit=\"cover\" data-object-position=\"40% 8%\" srcset=\"https:\/\/homolog.abrilhantarconteudo.com.br\/corner\/wp-content\/uploads\/2022\/05\/environmental-protection-g57613970e_1920-1.jpg 1920w, https:\/\/homolog.abrilhantarconteudo.com.br\/corner\/wp-content\/uploads\/2022\/05\/environmental-protection-g57613970e_1920-1-300x200.jpg 300w, https:\/\/homolog.abrilhantarconteudo.com.br\/corner\/wp-content\/uploads\/2022\/05\/environmental-protection-g57613970e_1920-1-1024x683.jpg 1024w, https:\/\/homolog.abrilhantarconteudo.com.br\/corner\/wp-content\/uploads\/2022\/05\/environmental-protection-g57613970e_1920-1-768x512.jpg 768w, https:\/\/homolog.abrilhantarconteudo.com.br\/corner\/wp-content\/uploads\/2022\/05\/environmental-protection-g57613970e_1920-1-1536x1024.jpg 1536w\" sizes=\"(max-width: 1920px) 100vw, 1920px\" \/><div class=\"wp-block-cover__inner-container is-layout-flow wp-block-cover-is-layout-flow\">\n<div class=\"wp-block-columns is-layout-flex wp-container-core-columns-is-layout-3 wp-block-columns-is-layout-flex\">\n<div class=\"wp-block-column is-vertically-aligned-top is-layout-flow wp-block-column-is-layout-flow\">\n<div class=\"wp-block-columns is-layout-flex wp-container-core-columns-is-layout-1 wp-block-columns-is-layout-flex\">\n<div class=\"wp-block-column is-layout-flow wp-block-column-is-layout-flow\" style=\"flex-basis:33.33%\"><\/div>\n\n\n\n<div class=\"wp-block-column is-layout-flow wp-block-column-is-layout-flow\" style=\"flex-basis:66.66%\">\n<h1 class=\"has-black-color has-text-color wp-block-heading\" id=\"sustentabilidade\">Sustentabilidade<\/h1>\n<\/div>\n<\/div>\n\n\n\n<div class=\"wp-block-columns is-layout-flex wp-container-core-columns-is-layout-2 wp-block-columns-is-layout-flex\">\n<div class=\"wp-block-column is-layout-flow wp-block-column-is-layout-flow\" style=\"flex-basis:33.33%\"><\/div>\n\n\n\n<div class=\"wp-block-column is-layout-flow wp-block-column-is-layout-flow\" style=\"flex-basis:66.66%\">\n<p class=\"has-text-align-left has-black-color has-text-color\">Por sermos uma empresa preocupada com a responsabilidade socioambiental e com a sustentabilidade, todos os materiais el\u00e9tricos descartados s\u00e3o encaminhados \u00e0 reciclagem, tais como compostos de PVC, materiais de isola\u00e7\u00e3o de cabo, cobre etc.<\/p>\n\n\n\n<p class=\"has-text-align-left has-black-color has-text-color\">Para tanto, a Corner Energia tem uma parceria firmada com a Furukawa Eletric, que viabiliza o tratamento dos materiais inutilizados e a transforma\u00e7\u00e3o destes em mat\u00e9ria-prima para outras aplica\u00e7\u00f5es, em setores indutriais diferentes.<\/p>\n<\/div>\n<\/div>\n<\/div>\n<\/div>\n\n\n\n<div class=\"wp-block-columns is-layout-flex wp-container-core-columns-is-layout-4 wp-block-columns-is-layout-flex\">\n<div class=\"wp-block-column is-layout-flow wp-block-column-is-layout-flow\"><\/div>\n<\/div>\n\n\n\n<div class=\"wp-block-columns is-layout-flex wp-container-core-columns-is-layout-7 wp-block-columns-is-layout-flex\">\n<div class=\"wp-block-column is-layout-flow wp-block-column-is-layout-flow\" style=\"flex-basis:100%\">\n<div class=\"wp-block-columns is-layout-flex wp-container-core-columns-is-layout-6 wp-block-columns-is-layout-flex\">\n<div class=\"wp-block-column is-layout-flow wp-block-column-is-layout-flow\">\n<div class=\"wp-block-columns is-layout-flex wp-container-core-columns-is-layout-5 wp-block-columns-is-layout-flex\">\n<div class=\"wp-block-column is-layout-flow wp-block-column-is-layout-flow\" style=\"flex-basis:25%\"><\/div>\n\n\n\n<div class=\"wp-block-column is-layout-flow wp-block-column-is-layout-flow\"><\/div>\n\n\n\n<div class=\"wp-block-column is-layout-flow wp-block-column-is-layout-flow\" style=\"flex-basis:50%\">\n<h1 class=\"has-cyan-bluish-gray-color has-text-color wp-block-heading\" id=\"energia-que-liga-a-vida\">Energia que liga a vida<\/h1>\n\n\n\n<p class=\"has-cyan-bluish-gray-color has-text-color\">Levamos informa\u00e7\u00e3o, conhecimento t\u00e9cnico e solu\u00e7\u00f5es el\u00e9tricas espec\u00edficas para cada necessidade identificada, aumentando a <strong>seguran\u00e7a<\/strong> e a <strong>efici\u00eancia energ\u00e9tica<\/strong> das instala\u00e7\u00f5es que avaliamos.<\/p>\n\n\n\n<p class=\"has-text-align-left has-cyan-bluish-gray-color has-text-color\">Ent\u00e3o contamos com um uma equipe que se mant\u00eam em constante evolu\u00e7\u00e3o, formada por <strong>engenheiros<\/strong> e<strong> t\u00e9cnicos<\/strong> experientes. Al\u00e9m disso, utilizamos materiais de primeira, de marcas confi\u00e1veis e fabricantes homologados pelo IMETRO. <\/p>\n\n\n\n<p class=\"has-text-align-left has-cyan-bluish-gray-color has-text-color\">Dessa forma, entregamos instala\u00e7\u00f5es el\u00e9tricas sempre <strong>de acordo com as normas regulamentadoras<\/strong>, cumprindo o prop\u00f3sito que motivou a exist\u00eancia do nosso neg\u00f3cio: contribuir para o acesso seguro e eficaz \u00e0 energia que liga a vida.<\/p>\n<\/div>\n<\/div>\n<\/div>\n<\/div>\n<\/div>\n<\/div>\n<\/div><\/div>\n\n\n\n<div style=\"height:100px\" aria-hidden=\"true\" class=\"wp-block-spacer\"><\/div>\n\n\n\n<div class=\"wp-block-buttons is-content-justification-center is-layout-flex wp-container-core-buttons-is-layout-1 wp-block-buttons-is-layout-flex\">\n<div class=\"wp-block-button is-style-fill\"><a class=\"wp-block-button__link has-white-color has-text-color has-background\" href=\"http:\/\/homolog.abrilhantarconteudo.com.br\/corner\/servicos\/\" style=\"border-radius:5px;background-color:#1168aa\"><strong>Conhe\u00e7a nossos servi\u00e7os<\/strong><\/a><\/div>\n<\/div>\n\n\n\n<p><\/p>\n","protected":false},"excerpt":{"rendered":"<p>Mais de 30 anos gerando seguran\u00e7a em instala\u00e7\u00f5es el\u00e9tricas no Brasil A Corner Energia atua no mercado de instala\u00e7\u00f5es el\u00e9tricas e cabeamento estruturado desde 1989, atendendo aos segmentos: hospitalar, industrial, corporativo e residencial. A empresa nasceu a partir de um prop\u00f3sito pessoal do engenheiro Luiz Piepszyk de contribuir com a redu\u00e7\u00e3o dos acidentes el\u00e9tricos no [&hellip;]<\/p>\n","protected":false},"author":1,"featured_media":0,"parent":0,"menu_order":0,"comment_status":"closed","ping_status":"closed","template":"template-fullwidth.php","meta":{"footnotes":""},"yoast_head":"<!-- This site is optimized with the Yoast SEO plugin v24.5 - https:\/\/yoast.com\/wordpress\/plugins\/seo\/ -->\n<title>Sobre a Corner - Corner Energia<\/title>\n<meta name=\"robots\" content=\"index, follow, max-snippet:-1, max-image-preview:large, max-video-preview:-1\" \/>\n<link rel=\"canonical\" href=\"https:\/\/homolog.abrilhantarconteudo.com.br\/corner\/sobre\/\" \/>\n<meta property=\"og:locale\" content=\"pt_BR\" \/>\n<meta property=\"og:type\" content=\"article\" \/>\n<meta property=\"og:title\" content=\"Sobre a Corner - Corner Energia\" \/>\n<meta property=\"og:description\" content=\"Mais de 30 anos gerando seguran\u00e7a em instala\u00e7\u00f5es el\u00e9tricas no Brasil A Corner Energia atua no mercado de instala\u00e7\u00f5es el\u00e9tricas e cabeamento estruturado desde 1989, atendendo aos segmentos: hospitalar, industrial, corporativo e residencial. A empresa nasceu a partir de um prop\u00f3sito pessoal do engenheiro Luiz Piepszyk de contribuir com a redu\u00e7\u00e3o dos acidentes el\u00e9tricos no [&hellip;]\" \/>\n<meta property=\"og:url\" content=\"https:\/\/homolog.abrilhantarconteudo.com.br\/corner\/sobre\/\" \/>\n<meta property=\"og:site_name\" content=\"Corner Energia\" \/>\n<meta property=\"article:modified_time\" content=\"2022-05-13T19:08:35+00:00\" \/>\n<meta property=\"og:image\" content=\"http:\/\/homolog.abrilhantarconteudo.com.br\/corner\/wp-content\/uploads\/2022\/05\/environmental-protection-g57613970e_1920-1.jpg\" \/>\n<meta name=\"twitter:card\" content=\"summary_large_image\" \/>\n<meta name=\"twitter:label1\" content=\"Est. tempo de leitura\" \/>\n\t<meta name=\"twitter:data1\" content=\"2 minutos\" \/>\n<script type=\"application\/ld+json\" class=\"yoast-schema-graph\">{\"@context\":\"https:\/\/schema.org\",\"@graph\":[{\"@type\":\"WebPage\",\"@id\":\"https:\/\/homolog.abrilhantarconteudo.com.br\/corner\/sobre\/\",\"url\":\"https:\/\/homolog.abrilhantarconteudo.com.br\/corner\/sobre\/\",\"name\":\"Sobre a Corner - Corner Energia\",\"isPartOf\":{\"@id\":\"https:\/\/homolog.abrilhantarconteudo.com.br\/corner\/#website\"},\"primaryImageOfPage\":{\"@id\":\"https:\/\/homolog.abrilhantarconteudo.com.br\/corner\/sobre\/#primaryimage\"},\"image\":{\"@id\":\"https:\/\/homolog.abrilhantarconteudo.com.br\/corner\/sobre\/#primaryimage\"},\"thumbnailUrl\":\"http:\/\/homolog.abrilhantarconteudo.com.br\/corner\/wp-content\/uploads\/2022\/05\/environmental-protection-g57613970e_1920-1.jpg\",\"datePublished\":\"2022-02-09T18:33:23+00:00\",\"dateModified\":\"2022-05-13T19:08:35+00:00\",\"breadcrumb\":{\"@id\":\"https:\/\/homolog.abrilhantarconteudo.com.br\/corner\/sobre\/#breadcrumb\"},\"inLanguage\":\"pt-BR\",\"potentialAction\":[{\"@type\":\"ReadAction\",\"target\":[\"https:\/\/homolog.abrilhantarconteudo.com.br\/corner\/sobre\/\"]}]},{\"@type\":\"ImageObject\",\"inLanguage\":\"pt-BR\",\"@id\":\"https:\/\/homolog.abrilhantarconteudo.com.br\/corner\/sobre\/#primaryimage\",\"url\":\"https:\/\/homolog.abrilhantarconteudo.com.br\/corner\/wp-content\/uploads\/2022\/05\/environmental-protection-g57613970e_1920-1.jpg\",\"contentUrl\":\"https:\/\/homolog.abrilhantarconteudo.com.br\/corner\/wp-content\/uploads\/2022\/05\/environmental-protection-g57613970e_1920-1.jpg\",\"width\":1920,\"height\":1280},{\"@type\":\"BreadcrumbList\",\"@id\":\"https:\/\/homolog.abrilhantarconteudo.com.br\/corner\/sobre\/#breadcrumb\",\"itemListElement\":[{\"@type\":\"ListItem\",\"position\":1,\"name\":\"In\u00edcio\",\"item\":\"https:\/\/homolog.abrilhantarconteudo.com.br\/corner\/\"},{\"@type\":\"ListItem\",\"position\":2,\"name\":\"Sobre a Corner\"}]},{\"@type\":\"WebSite\",\"@id\":\"https:\/\/homolog.abrilhantarconteudo.com.br\/corner\/#website\",\"url\":\"https:\/\/homolog.abrilhantarconteudo.com.br\/corner\/\",\"name\":\"Corner Energia\",\"description\":\"S\u00f3 mais um site WordPress\",\"publisher\":{\"@id\":\"https:\/\/homolog.abrilhantarconteudo.com.br\/corner\/#organization\"},\"potentialAction\":[{\"@type\":\"SearchAction\",\"target\":{\"@type\":\"EntryPoint\",\"urlTemplate\":\"https:\/\/homolog.abrilhantarconteudo.com.br\/corner\/?s={search_term_string}\"},\"query-input\":{\"@type\":\"PropertyValueSpecification\",\"valueRequired\":true,\"valueName\":\"search_term_string\"}}],\"inLanguage\":\"pt-BR\"},{\"@type\":\"Organization\",\"@id\":\"https:\/\/homolog.abrilhantarconteudo.com.br\/corner\/#organization\",\"name\":\"Corner Energia\",\"url\":\"https:\/\/homolog.abrilhantarconteudo.com.br\/corner\/\",\"logo\":{\"@type\":\"ImageObject\",\"inLanguage\":\"pt-BR\",\"@id\":\"https:\/\/homolog.abrilhantarconteudo.com.br\/corner\/#\/schema\/logo\/image\/\",\"url\":\"https:\/\/homolog.abrilhantarconteudo.com.br\/corner\/wp-content\/uploads\/2022\/03\/cropped-LOGO-CORNER-ENERGIA.png\",\"contentUrl\":\"https:\/\/homolog.abrilhantarconteudo.com.br\/corner\/wp-content\/uploads\/2022\/03\/cropped-LOGO-CORNER-ENERGIA.png\",\"width\":4721,\"height\":1539,\"caption\":\"Corner Energia\"},\"image\":{\"@id\":\"https:\/\/homolog.abrilhantarconteudo.com.br\/corner\/#\/schema\/logo\/image\/\"}}]}<\/script>\n<!-- \/ Yoast SEO plugin. -->","yoast_head_json":{"title":"Sobre a Corner - Corner Energia","robots":{"index":"index","follow":"follow","max-snippet":"max-snippet:-1","max-image-preview":"max-image-preview:large","max-video-preview":"max-video-preview:-1"},"canonical":"https:\/\/homolog.abrilhantarconteudo.com.br\/corner\/sobre\/","og_locale":"pt_BR","og_type":"article","og_title":"Sobre a Corner - Corner Energia","og_description":"Mais de 30 anos gerando seguran\u00e7a em instala\u00e7\u00f5es el\u00e9tricas no Brasil A Corner Energia atua no mercado de instala\u00e7\u00f5es el\u00e9tricas e cabeamento estruturado desde 1989, atendendo aos segmentos: hospitalar, industrial, corporativo e residencial. A empresa nasceu a partir de um prop\u00f3sito pessoal do engenheiro Luiz Piepszyk de contribuir com a redu\u00e7\u00e3o dos acidentes el\u00e9tricos no [&hellip;]","og_url":"https:\/\/homolog.abrilhantarconteudo.com.br\/corner\/sobre\/","og_site_name":"Corner Energia","article_modified_time":"2022-05-13T19:08:35+00:00","og_image":[{"url":"http:\/\/homolog.abrilhantarconteudo.com.br\/corner\/wp-content\/uploads\/2022\/05\/environmental-protection-g57613970e_1920-1.jpg","type":"","width":"","height":""}],"twitter_card":"summary_large_image","twitter_misc":{"Est. tempo de leitura":"2 minutos"},"schema":{"@context":"https:\/\/schema.org","@graph":[{"@type":"WebPage","@id":"https:\/\/homolog.abrilhantarconteudo.com.br\/corner\/sobre\/","url":"https:\/\/homolog.abrilhantarconteudo.com.br\/corner\/sobre\/","name":"Sobre a Corner - Corner Energia","isPartOf":{"@id":"https:\/\/homolog.abrilhantarconteudo.com.br\/corner\/#website"},"primaryImageOfPage":{"@id":"https:\/\/homolog.abrilhantarconteudo.com.br\/corner\/sobre\/#primaryimage"},"image":{"@id":"https:\/\/homolog.abrilhantarconteudo.com.br\/corner\/sobre\/#primaryimage"},"thumbnailUrl":"http:\/\/homolog.abrilhantarconteudo.com.br\/corner\/wp-content\/uploads\/2022\/05\/environmental-protection-g57613970e_1920-1.jpg","datePublished":"2022-02-09T18:33:23+00:00","dateModified":"2022-05-13T19:08:35+00:00","breadcrumb":{"@id":"https:\/\/homolog.abrilhantarconteudo.com.br\/corner\/sobre\/#breadcrumb"},"inLanguage":"pt-BR","potentialAction":[{"@type":"ReadAction","target":["https:\/\/homolog.abrilhantarconteudo.com.br\/corner\/sobre\/"]}]},{"@type":"ImageObject","inLanguage":"pt-BR","@id":"https:\/\/homolog.abrilhantarconteudo.com.br\/corner\/sobre\/#primaryimage","url":"https:\/\/homolog.abrilhantarconteudo.com.br\/corner\/wp-content\/uploads\/2022\/05\/environmental-protection-g57613970e_1920-1.jpg","contentUrl":"https:\/\/homolog.abrilhantarconteudo.com.br\/corner\/wp-content\/uploads\/2022\/05\/environmental-protection-g57613970e_1920-1.jpg","width":1920,"height":1280},{"@type":"BreadcrumbList","@id":"https:\/\/homolog.abrilhantarconteudo.com.br\/corner\/sobre\/#breadcrumb","itemListElement":[{"@type":"ListItem","position":1,"name":"In\u00edcio","item":"https:\/\/homolog.abrilhantarconteudo.com.br\/corner\/"},{"@type":"ListItem","position":2,"name":"Sobre a Corner"}]},{"@type":"WebSite","@id":"https:\/\/homolog.abrilhantarconteudo.com.br\/corner\/#website","url":"https:\/\/homolog.abrilhantarconteudo.com.br\/corner\/","name":"Corner Energia","description":"S\u00f3 mais um site WordPress","publisher":{"@id":"https:\/\/homolog.abrilhantarconteudo.com.br\/corner\/#organization"},"potentialAction":[{"@type":"SearchAction","target":{"@type":"EntryPoint","urlTemplate":"https:\/\/homolog.abrilhantarconteudo.com.br\/corner\/?s={search_term_string}"},"query-input":{"@type":"PropertyValueSpecification","valueRequired":true,"valueName":"search_term_string"}}],"inLanguage":"pt-BR"},{"@type":"Organization","@id":"https:\/\/homolog.abrilhantarconteudo.com.br\/corner\/#organization","name":"Corner Energia","url":"https:\/\/homolog.abrilhantarconteudo.com.br\/corner\/","logo":{"@type":"ImageObject","inLanguage":"pt-BR","@id":"https:\/\/homolog.abrilhantarconteudo.com.br\/corner\/#\/schema\/logo\/image\/","url":"https:\/\/homolog.abrilhantarconteudo.com.br\/corner\/wp-content\/uploads\/2022\/03\/cropped-LOGO-CORNER-ENERGIA.png","contentUrl":"https:\/\/homolog.abrilhantarconteudo.com.br\/corner\/wp-content\/uploads\/2022\/03\/cropped-LOGO-CORNER-ENERGIA.png","width":4721,"height":1539,"caption":"Corner Energia"},"image":{"@id":"https:\/\/homolog.abrilhantarconteudo.com.br\/corner\/#\/schema\/logo\/image\/"}}]}},"_links":{"self":[{"href":"https:\/\/homolog.abrilhantarconteudo.com.br\/corner\/wp-json\/wp\/v2\/pages\/81"}],"collection":[{"href":"https:\/\/homolog.abrilhantarconteudo.com.br\/corner\/wp-json\/wp\/v2\/pages"}],"about":[{"href":"https:\/\/homolog.abrilhantarconteudo.com.br\/corner\/wp-json\/wp\/v2\/types\/page"}],"author":[{"embeddable":true,"href":"https:\/\/homolog.abrilhantarconteudo.com.br\/corner\/wp-json\/wp\/v2\/users\/1"}],"replies":[{"embeddable":true,"href":"https:\/\/homolog.abrilhantarconteudo.com.br\/corner\/wp-json\/wp\/v2\/comments?post=81"}],"version-history":[{"count":84,"href":"https:\/\/homolog.abrilhantarconteudo.com.br\/corner\/wp-json\/wp\/v2\/pages\/81\/revisions"}],"predecessor-version":[{"id":535,"href":"https:\/\/homolog.abrilhantarconteudo.com.br\/corner\/wp-json\/wp\/v2\/pages\/81\/revisions\/535"}],"wp:attachment":[{"href":"https:\/\/homolog.abrilhantarconteudo.com.br\/corner\/wp-json\/wp\/v2\/media?parent=81"}],"curies":[{"name":"wp","href":"https:\/\/api.w.org\/{rel}","templated":true}]}}